{"id":236,"date":"2018-08-13T13:43:29","date_gmt":"2018-08-13T13:43:29","guid":{"rendered":"http:\/\/torberta.evatheme.com\/demo\/?page_id=236"},"modified":"2020-03-31T15:07:52","modified_gmt":"2020-03-31T15:07:52","slug":"about-page","status":"publish","type":"page","link":"https:\/\/qantara.ch\/index.php\/about-page\/","title":{"rendered":"About Page"},"content":{"rendered":"<p>[vc_row css=&#8220;.vc_custom_1534202939501{margin-top: 0px !important;margin-bottom: 0px !important;padding-top: 100px !important;padding-bottom: 40px !important;}&#8220;][vc_column width=&#8220;1\/6&#8243;][\/vc_column][vc_column width=&#8220;2\/3&#8243;][vc_column_text]<\/p>\n<h2 style=\"text-align: center;\"><span id=\"result_box\" class=\"\" lang=\"en\">Wir ebnen Ihnen den Weg in islamisch gepr\u00e4gte M\u00e4rkte!<br \/>\n<\/span><\/h2>\n<p>[\/vc_column_text][\/vc_column][vc_column width=&#8220;1\/6&#8243;][\/vc_column][\/vc_row][vc_row css=&#8220;.vc_custom_1534202926918{margin-top: 0px !important;margin-bottom: 0px !important;padding-top: 0px !important;padding-bottom: 80px !important;}&#8220;][vc_column width=&#8220;1\/3&#8243;][vc_column_text]<\/p>\n<p style=\"text-align: left;\">Sie wollen, dass Ihr muslimischer Gast n\u00e4chstes Jahr wieder kommt? Sie wollen neue Kunden dazugewinnen? Sie wollen Ihre Produkte in neue Wachstumsm\u00e4rkte exportieren?<\/p>\n<p>[\/vc_column_text][\/vc_column][vc_column width=&#8220;1\/3&#8243;][vc_column_text]<\/p>\n<p style=\"text-align: left;\">Qantara Consulting ist eine spezialisierte, inhabergef\u00fchrte Consulting Boutique. Als Experten in den Bereichen Halal Markt, Marketing und kulturelle Kompetenz, f\u00fchren wir Sie zielsicher zum Erfolg in islamischen Wachstumsm\u00e4rkten.<\/p>\n<p>[\/vc_column_text][\/vc_column][vc_column width=&#8220;1\/3&#8243;][vc_column_text]<\/p>\n<p style=\"text-align: left;\"><em>&#8222;Die Halal-Industrie entwickelt sich zu einem Wachstumstreiber der Zukunft. Das enorme Potential der muslimischen M\u00e4rkte f\u00fchrt dazu, dass wir innert k\u00fcrzester Zeit wohl kaum noch Unternehmen sehen werden, welche nicht in diese Bereiche investieren.&#8220; <\/em><\/p>\n<p>[\/vc_column_text][\/vc_column][\/vc_row][vc_row bg_type=&#8220;bg_color&#8220; bg_override=&#8220;full&#8220; css=&#8220;.vc_custom_1585662937490{margin-top: 0px !important;margin-bottom: 0px !important;padding-top: 60px !important;padding-bottom: 70px !important;}&#8220; bg_color_value=&#8220;#7e1f3f&#8220;][vc_column width=&#8220;1\/3&#8243;]<div class=\"ult-content-box-container \" >\t\t<div class=\"ult-content-box\" style=\"background-color:#ffffff;box-shadow: 3px 3px 9px 0px rgba(34,34,34,0.07) ;padding-top:40px;padding-right:40px;padding-bottom:40px;padding-left:40px;margin:0px;-webkit-transition: all 200ms ease;-moz-transition: all 200ms ease;-ms-transition: all 200ms ease;-o-transition: all 200ms ease;transition: all 200ms ease;\"  data-hover_bg_color=\"#ffffff\"  data-hover_box_shadow=\"none\"   data-responsive_margins=\"margin:0px;\"   data-normal_margins=\"margin:0px;\"   data-bg=\"#ffffff\" ><div class=\"aio-icon-component  vc_custom_1585662215740   style_1\"><div id=\"Info-box-wrap-4911\" class=\"aio-icon-box left-icon\" style=\"\"  ><div class=\"aio-icon-left\"><div class=\"ult-just-icon-wrapper  \"><div class=\"align-icon\" style=\"text-align:center;\">\n<div class=\"aio-icon none \"  style=\"color:#7e1f3f;font-size:42px;display:inline-block;\">\n\t<i class=\"Evatheme-Icon-Fonts-thin-0557_men_women_toilet_wc_restroom\"><\/i>\n<\/div><\/div><\/div><\/div><div class=\"aio-ibd-block\"><div class=\"aio-icon-header\" ><h3 class=\"aio-icon-title ult-responsive\"  data-ultimate-target='#Info-box-wrap-4911 .aio-icon-title'  data-responsive-json-new='{\"font-size\":\"desktop:20px;\",\"line-height\":\"desktop:26px;\"}'  style=\"font-family:&#039;Josefin Sans&#039;;font-weight:700;color:#222222;\">Halal Markt<\/h3><\/div> <!-- header --><div class=\"aio-icon-description ult-responsive\"  data-ultimate-target='#Info-box-wrap-4911 .aio-icon-description'  data-responsive-json-new='{\"font-size\":\"desktop:13px;\",\"line-height\":\"desktop:27px;\"}'  style=\"font-family:&#039;Merriweather&#039;;font-weight:300;color:#222222;\">Ob im Tourismus, in der Modebranche, der Medizin oder im Beauty- und Wellnessbereich, der Halal-Markt setzt neue Massst\u00e4be und w\u00e4chst rasant.<\/div> <!-- description --><\/div> <!-- aio-ibd-block --><\/div> <!-- aio-icon-box --><\/div> <!-- aio-icon-component -->\t\t<\/div><\/div>[\/vc_column][vc_column width=&#8220;1\/3&#8243;]<div class=\"ult-content-box-container \" >\t\t<div class=\"ult-content-box\" style=\"background-color:#ffffff;box-shadow: 3px 3px 9px 0px rgba(34,34,34,0.07) ;padding-top:40px;padding-right:40px;padding-bottom:40px;padding-left:40px;margin:0px;-webkit-transition: all 200ms ease;-moz-transition: all 200ms ease;-ms-transition: all 200ms ease;-o-transition: all 200ms ease;transition: all 200ms ease;\"  data-hover_bg_color=\"#ffffff\"  data-hover_box_shadow=\"none\"   data-responsive_margins=\"margin:0px;\"   data-normal_margins=\"margin:0px;\"   data-bg=\"#ffffff\" ><div class=\"aio-icon-component  vc_custom_1585662378551   style_1\"><div id=\"Info-box-wrap-2897\" class=\"aio-icon-box left-icon\" style=\"\"  ><div class=\"aio-icon-left\"><div class=\"ult-just-icon-wrapper  \"><div class=\"align-icon\" style=\"text-align:center;\">\n<div class=\"aio-icon none \"  style=\"color:#7e1f3f;font-size:42px;display:inline-block;\">\n\t<i class=\"Evatheme-Icon-Fonts-thin-1039_brain_thinking_mind_knowledge\"><\/i>\n<\/div><\/div><\/div><\/div><div class=\"aio-ibd-block\"><div class=\"aio-icon-header\" ><h3 class=\"aio-icon-title ult-responsive\"  data-ultimate-target='#Info-box-wrap-2897 .aio-icon-title'  data-responsive-json-new='{\"font-size\":\"desktop:20px;\",\"line-height\":\"desktop:26px;\"}'  style=\"font-family:&#039;Josefin Sans&#039;;font-weight:700;color:#222222;\">Marketing<\/h3><\/div> <!-- header --><div class=\"aio-icon-description ult-responsive\"  data-ultimate-target='#Info-box-wrap-2897 .aio-icon-description'  data-responsive-json-new='{\"font-size\":\"desktop:13px;\",\"line-height\":\"desktop:27px;\"}'  style=\"font-family:&#039;Merriweather&#039;;font-weight:300;color:#222222;\">Mit dem Einbezug von Herkunft und Wertvorstellungen der muslimischen Kundschaft in Ihre Marketing- und Kommunikationsstrategie sichern Sie sich den Zugang zur schnellstwachsenden Kundengruppe.<\/div> <!-- description --><\/div> <!-- aio-ibd-block --><\/div> <!-- aio-icon-box --><\/div> <!-- aio-icon-component -->\t\t<\/div><\/div>[\/vc_column][vc_column width=&#8220;1\/3&#8243;]<div class=\"ult-content-box-container \" >\t\t<div class=\"ult-content-box\" style=\"background-color:#ffffff;box-shadow: 3px 3px 9px 0px rgba(34,34,34,0.07) ;padding-top:40px;padding-right:40px;padding-bottom:40px;padding-left:40px;margin:0px;-webkit-transition: all 200ms ease;-moz-transition: all 200ms ease;-ms-transition: all 200ms ease;-o-transition: all 200ms ease;transition: all 200ms ease;\"  data-hover_bg_color=\"#ffffff\"  data-hover_box_shadow=\"none\"   data-responsive_margins=\"margin:0px;\"   data-normal_margins=\"margin:0px;\"   data-bg=\"#ffffff\" ><div class=\"aio-icon-component  vc_custom_1585662529183   style_1\"><div id=\"Info-box-wrap-3375\" class=\"aio-icon-box left-icon\" style=\"\"  ><div class=\"aio-icon-left\"><div class=\"ult-just-icon-wrapper  \"><div class=\"align-icon\" style=\"text-align:center;\">\n<div class=\"aio-icon none \"  style=\"color:#7e1f3f;font-size:42px;display:inline-block;\">\n\t<i class=\"Evatheme-Icon-Fonts-thin-0535_navigation_location_drop_pin_map\"><\/i>\n<\/div><\/div><\/div><\/div><div class=\"aio-ibd-block\"><div class=\"aio-icon-header\" ><h3 class=\"aio-icon-title ult-responsive\"  data-ultimate-target='#Info-box-wrap-3375 .aio-icon-title'  data-responsive-json-new='{\"font-size\":\"desktop:20px;\",\"line-height\":\"desktop:26px;\"}'  style=\"font-family:&#039;Josefin Sans&#039;;font-weight:700;color:#222222;\">Kulturelle Kompetenz<\/h3><\/div> <!-- header --><div class=\"aio-icon-description ult-responsive\"  data-ultimate-target='#Info-box-wrap-3375 .aio-icon-description'  data-responsive-json-new='{\"font-size\":\"desktop:13px;\",\"line-height\":\"desktop:27px;\"}'  style=\"font-family:&#039;Merriweather&#039;;font-weight:300;color:#222222;\">Mit uns punkten Sie bei Ihren muslimischen Kunden, G\u00e4sten oder Patienten, w\u00e4hrend Sie sich entspannt auf Ihre Kernkompetenzen konzentrieren.<\/div> <!-- description --><\/div> <!-- aio-ibd-block --><\/div> <!-- aio-icon-box --><\/div> <!-- aio-icon-component -->\t\t<\/div><\/div>[\/vc_column][\/vc_row][vc_row bg_type=&#8220;bg_color&#8220; bg_override=&#8220;full&#8220; css=&#8220;.vc_custom_1585661486015{margin-top: 0px !important;margin-bottom: -80px !important;padding-top: 80px !important;padding-bottom: 30px !important;}&#8220; bg_color_value=&#8220;rgba(255,255,255,0.05)&#8220;][vc_column][vc_row_inner][vc_column_inner width=&#8220;1\/3&#8243;]<div id=\"ultimate-heading-572169e4c9674ab4d\" class=\"uvc-heading ult-adjust-bottom-margin ultimate-heading-572169e4c9674ab4d uvc-946 \" data-hspacer=\"line_only\"  data-halign=\"left\" style=\"text-align:left\"><div class=\"uvc-main-heading ult-responsive\"  data-ultimate-target='.uvc-heading.ultimate-heading-572169e4c9674ab4d h2'  data-responsive-json-new='{\"font-size\":\"desktop:14px;\",\"line-height\":\"desktop:24px;\"}' ><h2 style=\"font-family:&#039;Josefin Sans&#039;;font-weight:700;color:#222222;\">ABOUT US<\/h2><\/div><div class=\"uvc-heading-spacer line_only\" style=\"margin-top:10px;margin-bottom:30px;height:2px;\"><span class=\"uvc-headings-line\" style=\"border-style:solid;border-bottom-width:2px;border-color:#7e1f3f;width:30px;\"><\/span><\/div><div class=\"uvc-sub-heading ult-responsive\"  data-ultimate-target='.uvc-heading.ultimate-heading-572169e4c9674ab4d .uvc-sub-heading '  data-responsive-json-new='{\"font-size\":\"desktop:14px;\",\"line-height\":\"desktop:28px;\"}'  style=\"font-family:&#039;Merriweather&#039;;font-weight:normal;color:#222222;\">out of the box<\/p>\n<p>massgeschneidert<\/p>\n<p>effektiv &amp; effizient<\/div><\/div>[\/vc_column_inner][vc_column_inner width=&#8220;1\/3&#8243;]<div id=\"ultimate-heading-23069e4c9674ab8d\" class=\"uvc-heading ult-adjust-bottom-margin ultimate-heading-23069e4c9674ab8d uvc-2648 \" data-hspacer=\"line_only\"  data-halign=\"left\" style=\"text-align:left\"><div class=\"uvc-main-heading ult-responsive\"  data-ultimate-target='.uvc-heading.ultimate-heading-23069e4c9674ab8d h2'  data-responsive-json-new='{\"font-size\":\"desktop:14px;\",\"line-height\":\"desktop:24px;\"}' ><h2 style=\"font-family:&#039;Josefin Sans&#039;;font-weight:700;color:#222222;\">SERVICES<\/h2><\/div><div class=\"uvc-heading-spacer line_only\" style=\"margin-top:10px;margin-bottom:30px;height:2px;\"><span class=\"uvc-headings-line\" style=\"border-style:solid;border-bottom-width:2px;border-color:#7e1f3f;width:30px;\"><\/span><\/div><div class=\"uvc-sub-heading ult-responsive\"  data-ultimate-target='.uvc-heading.ultimate-heading-23069e4c9674ab8d .uvc-sub-heading '  data-responsive-json-new='{\"font-size\":\"desktop:16px;\",\"line-height\":\"desktop:36px;\"}'  style=\"font-family:&#039;Josefin Sans&#039;;font-weight:700;color:#ed6510;\"><a href=\"https:\/\/qantara.ch\/index.php\/services-page\/\">Halal Markt<\/a><br \/>\n<a href=\"https:\/\/qantara.ch\/index.php\/services-page\/\">Marketing<\/a><br \/>\n<a href=\"https:\/\/qantara.ch\/index.php\/services-page\/\">Kulturelle Kompetenz<\/a><\/div><\/div>[\/vc_column_inner][vc_column_inner width=&#8220;1\/3&#8243;]<div id=\"ultimate-heading-458169e4c9674abc6\" class=\"uvc-heading ult-adjust-bottom-margin ultimate-heading-458169e4c9674abc6 uvc-10 \" data-hspacer=\"line_only\"  data-halign=\"left\" style=\"text-align:left\"><div class=\"uvc-main-heading ult-responsive\"  data-ultimate-target='.uvc-heading.ultimate-heading-458169e4c9674abc6 h2'  data-responsive-json-new='{\"font-size\":\"desktop:14px;\",\"line-height\":\"desktop:24px;\"}' ><h2 style=\"font-family:&#039;Josefin Sans&#039;;font-weight:700;color:#222222;\">KONTAKT<\/h2><\/div><div class=\"uvc-heading-spacer line_only\" style=\"margin-top:10px;margin-bottom:30px;height:2px;\"><span class=\"uvc-headings-line\" style=\"border-style:solid;border-bottom-width:2px;border-color:#7e1f3f;width:30px;\"><\/span><\/div><div class=\"uvc-sub-heading ult-responsive\"  data-ultimate-target='.uvc-heading.ultimate-heading-458169e4c9674abc6 .uvc-sub-heading '  data-responsive-json-new='{\"font-size\":\"desktop:14px;\",\"line-height\":\"desktop:28px;\"}'  style=\"font-family:&#039;Merriweather&#039;;font-weight:normal;color:#222222;\">Tel.: 076 432 89 71<\/p>\n<p>Mail: info(at)qantara.ch<\/div><\/div>[\/vc_column_inner][\/vc_row_inner][vc_separator color=&#8220;custom&#8220; css=&#8220;.vc_custom_1533693670041{margin-top: 0px !important;margin-bottom: 0px !important;padding-top: 60px !important;padding-bottom: 30px !important;}&#8220; accent_color=&#8220;rgba(34,34,34,0.1)&#8220;][vc_column_text css=&#8220;.vc_custom_1585661301452{margin-top: 0px !important;margin-bottom: 0px !important;padding-top: 0px !important;padding-bottom: 25px !important;}&#8220;]<\/p>\n<p style=\"text-align: center;\"><span style=\"color: #999999;\">Copyright \u00a9 2020 Qantara Consulting<br \/>\n<\/span><\/p>\n<p>[\/vc_column_text][\/vc_column][\/vc_row]<\/p>\n","protected":false},"excerpt":{"rendered":"<p>[vc_row css=&#8220;.vc_custom_1534202939501{margin-top: 0px !important;margin-bottom: 0px !important;padding-top: 100px !important;padding-bottom: 40px !important;}&#8220;][vc_column width=&#8220;1\/6&#8243;][\/vc_column][vc_column width=&#8220;2\/3&#8243;][vc_column_text] Wir ebnen Ihnen den Weg in islamisch gepr\u00e4gte M\u00e4rkte! [\/vc_column_text][\/vc_column][vc_column width=&#8220;1\/6&#8243;][\/vc_column][\/vc_row][vc_row css=&#8220;.vc_custom_1534202926918{margin-top: 0px !important;margin-bottom: 0px !important;padding-top: 0px !important;padding-bottom: 80px !important;}&#8220;][vc_column width=&#8220;1\/3&#8243;][vc_column_text] Sie wollen, dass Ihr muslimischer Gast n\u00e4chstes Jahr wieder kommt? Sie wollen neue Kunden dazugewinnen? Sie wollen Ihre Produkte in neue Wachstumsm\u00e4rkte [&hellip;]<\/p>\n","protected":false},"author":1,"featured_media":0,"parent":0,"menu_order":0,"comment_status":"closed","ping_status":"closed","template":"","meta":[],"_links":{"self":[{"href":"https:\/\/qantara.ch\/index.php\/wp-json\/wp\/v2\/pages\/236"}],"collection":[{"href":"https:\/\/qantara.ch\/index.php\/wp-json\/wp\/v2\/pages"}],"about":[{"href":"https:\/\/qantara.ch\/index.php\/wp-json\/wp\/v2\/types\/page"}],"author":[{"embeddable":true,"href":"https:\/\/qantara.ch\/index.php\/wp-json\/wp\/v2\/users\/1"}],"replies":[{"embeddable":true,"href":"https:\/\/qantara.ch\/index.php\/wp-json\/wp\/v2\/comments?post=236"}],"version-history":[{"count":29,"href":"https:\/\/qantara.ch\/index.php\/wp-json\/wp\/v2\/pages\/236\/revisions"}],"predecessor-version":[{"id":674,"href":"https:\/\/qantara.ch\/index.php\/wp-json\/wp\/v2\/pages\/236\/revisions\/674"}],"wp:attachment":[{"href":"https:\/\/qantara.ch\/index.php\/wp-json\/wp\/v2\/media?parent=236"}],"curies":[{"name":"wp","href":"https:\/\/api.w.org\/{rel}","templated":true}]}}