{"id":238,"date":"2018-08-13T13:55:18","date_gmt":"2018-08-13T13:55:18","guid":{"rendered":"http:\/\/torberta.evatheme.com\/demo\/?page_id=238"},"modified":"2020-03-31T14:51:14","modified_gmt":"2020-03-31T14:51:14","slug":"services-page","status":"publish","type":"page","link":"https:\/\/qantara.ch\/index.php\/services-page\/","title":{"rendered":"Services Page"},"content":{"rendered":"<p>[vc_row bg_type=&#8220;bg_color&#8220; bg_override=&#8220;full&#8220; css=&#8220;.vc_custom_1543968373190{margin-top: 0px !important;margin-bottom: 0px !important;padding-top: 100px !important;padding-bottom: 0px !important;}&#8220; bg_color_value=&#8220;rgba(34,34,34,0.05)&#8220;][vc_column width=&#8220;1\/3&#8243;][vc_column_text css=&#8220;.vc_custom_1585664999253{margin-top: 0px !important;margin-bottom: 0px !important;padding-top: 0px !important;padding-bottom: 0px !important;}&#8220;]<\/p>\n<h2 style=\"text-align: left;\">Halal Markt<\/h2>\n<p>[\/vc_column_text][\/vc_column][vc_column width=&#8220;2\/3&#8243;][vc_column_text]<\/p>\n<h6>Der Halal-Markt bedient die Bed\u00fcrfnisse der muslimischen Konsumenten in vielen Branchen. L\u00e4ngst ist er \u00fcber die Lebensmittelbranche hinausgewachsen &#8211; es geht um viel mehr als Erlaubtes und Verbotenes.\u00a0 Halal ist ein Lifestyle mit eigenen Trends und Entwicklungen. Ob im Tourismus, in der Modebranche, der Medizin oder im Beauty- und Wellnessbereich, der Halal-Markt setzt neue Masst\u00e4be und w\u00e4chst rasant. Wir unterst\u00fctzen Sie bei der Eroberung dieses facettenreichen Marktes.<\/h6>\n<p>[\/vc_column_text][vc_column_text]Von der Idee \u00fcber die Produktion bis zur Vermarktung begleiten wir Sie, damit Ihre Produkte und Dienstleistungen den Bed\u00fcrfnissen der Konsumenten gerecht werden. In Zusammenarbeit mit einem international anerkannten Halal-Zertifizierer sorgen wir daf\u00fcr, dass Ihre Produkte den Halal-Standard erf\u00fcllen und Sie sich das Vertrauen der Konsumenten sichern. Mit unserer ganzheitlichen Unterst\u00fctzung starten Sie erfolgreich in den am schnellsten wachsenden Markt unserer Zeit.[\/vc_column_text][\/vc_column][\/vc_row][vc_row bg_type=&#8220;bg_color&#8220; bg_override=&#8220;full&#8220; css=&#8220;.vc_custom_1543968373190{margin-top: 0px !important;margin-bottom: 0px !important;padding-top: 100px !important;padding-bottom: 0px !important;}&#8220; bg_color_value=&#8220;rgba(34,34,34,0.05)&#8220;][vc_column width=&#8220;1\/3&#8243;][vc_column_text css=&#8220;.vc_custom_1585665013327{margin-top: 0px !important;margin-bottom: 0px !important;padding-top: 0px !important;padding-bottom: 0px !important;}&#8220;]<\/p>\n<h2 style=\"text-align: left;\">Marketing<\/h2>\n<p>[\/vc_column_text][\/vc_column][vc_column width=&#8220;2\/3&#8243;][vc_column_text]<\/p>\n<h6>Sind muslimische Konsumenten ein Bestandteil Ihrer Marketingstrategie? Millionen Muslime weltweit warten auf Sie &#8211; ein zu grosses Potenzial, um ignoriert zu werden. Mit dem Einbezug von Herkunft und Wertvorstellungen der muslimischen Kundschaft in Ihre Marketing- und Kommunikationsstrategie sichern Sie sich den Zugang zur schnellstwachsenden Kundengruppe.<\/h6>\n<p>[\/vc_column_text][vc_column_text]Wir ebnen Ihnen den Weg in diesen Markt und verschaffen Ihnen mit einer optimalen Positionierung einen nachhaltigen Marktvorteil.[\/vc_column_text][\/vc_column][\/vc_row][vc_row bg_type=&#8220;bg_color&#8220; bg_override=&#8220;full&#8220; css=&#8220;.vc_custom_1543968373190{margin-top: 0px !important;margin-bottom: 0px !important;padding-top: 100px !important;padding-bottom: 0px !important;}&#8220; bg_color_value=&#8220;rgba(34,34,34,0.05)&#8220;][vc_column width=&#8220;1\/3&#8243;][vc_column_text css=&#8220;.vc_custom_1585665025558{margin-top: 0px !important;margin-bottom: 0px !important;padding-top: 0px !important;padding-bottom: 0px !important;}&#8220;]<\/p>\n<h2 style=\"text-align: left;\">Kulturelle Kompetenz<\/h2>\n<p>[\/vc_column_text][\/vc_column][vc_column width=&#8220;2\/3&#8243;][vc_column_text]<\/p>\n<h6>Die kulturelle Vielfalt der Muslime gleicht dem Angebot eines orientalischen Gew\u00fcrzmarktes. Kennt man die Gew\u00fcrze nicht, ruiniert man das Essen. Die richtige Auswahl verbunden mit dem gekonnten Einsatz, lassen jedes Essen zum Genuss werden.<\/h6>\n<p>[\/vc_column_text][vc_column_text]Kenntnisse der unterschiedlichen Kulturen und Verhaltensmuster sind ein Muss in diesem Markt. Durch unser Wissen und unsere Erfahrung sind wir Ihr idealer Partner. Mit uns punkten Sie bei Ihren muslimischen Kunden, G\u00e4sten oder Patienten, w\u00e4hrend Sie sich entspannt auf Ihre Kernkompetenzen konzentrieren.[\/vc_column_text][\/vc_column][\/vc_row][vc_row bg_type=&#8220;bg_color&#8220; bg_override=&#8220;full&#8220; css=&#8220;.vc_custom_1585665093824{margin-top: 0px !important;margin-bottom: -80px !important;padding-top: 80px !important;padding-bottom: 30px !important;}&#8220; bg_color_value=&#8220;rgba(255,255,255,0.05)&#8220;][vc_column][vc_row_inner][vc_column_inner width=&#8220;1\/3&#8243;]<div id=\"ultimate-heading-188969e4c9e1c9ddd\" class=\"uvc-heading ult-adjust-bottom-margin ultimate-heading-188969e4c9e1c9ddd uvc-2329 \" data-hspacer=\"line_only\"  data-halign=\"left\" style=\"text-align:left\"><div class=\"uvc-main-heading ult-responsive\"  data-ultimate-target='.uvc-heading.ultimate-heading-188969e4c9e1c9ddd h2'  data-responsive-json-new='{\"font-size\":\"desktop:14px;\",\"line-height\":\"desktop:24px;\"}' ><h2 style=\"font-family:&#039;Josefin Sans&#039;;font-weight:700;color:#222222;\">ABOUT US<\/h2><\/div><div class=\"uvc-heading-spacer line_only\" style=\"margin-top:10px;margin-bottom:30px;height:2px;\"><span class=\"uvc-headings-line\" style=\"border-style:solid;border-bottom-width:2px;border-color:#7e1f3f;width:30px;\"><\/span><\/div><div class=\"uvc-sub-heading ult-responsive\"  data-ultimate-target='.uvc-heading.ultimate-heading-188969e4c9e1c9ddd .uvc-sub-heading '  data-responsive-json-new='{\"font-size\":\"desktop:14px;\",\"line-height\":\"desktop:28px;\"}'  style=\"font-family:&#039;Merriweather&#039;;font-weight:normal;color:#222222;\">out of the box<\/p>\n<p>massgeschneidert<\/p>\n<p>effektiv &amp; effizient<\/div><\/div>[\/vc_column_inner][vc_column_inner width=&#8220;1\/3&#8243;]<div id=\"ultimate-heading-546469e4c9e1c9e38\" class=\"uvc-heading ult-adjust-bottom-margin ultimate-heading-546469e4c9e1c9e38 uvc-6270 \" data-hspacer=\"line_only\"  data-halign=\"left\" style=\"text-align:left\"><div class=\"uvc-main-heading ult-responsive\"  data-ultimate-target='.uvc-heading.ultimate-heading-546469e4c9e1c9e38 h2'  data-responsive-json-new='{\"font-size\":\"desktop:14px;\",\"line-height\":\"desktop:24px;\"}' ><h2 style=\"font-family:&#039;Josefin Sans&#039;;font-weight:700;color:#222222;\">SERVICES<\/h2><\/div><div class=\"uvc-heading-spacer line_only\" style=\"margin-top:10px;margin-bottom:30px;height:2px;\"><span class=\"uvc-headings-line\" style=\"border-style:solid;border-bottom-width:2px;border-color:#7e1f3f;width:30px;\"><\/span><\/div><div class=\"uvc-sub-heading ult-responsive\"  data-ultimate-target='.uvc-heading.ultimate-heading-546469e4c9e1c9e38 .uvc-sub-heading '  data-responsive-json-new='{\"font-size\":\"desktop:16px;\",\"line-height\":\"desktop:36px;\"}'  style=\"font-family:&#039;Josefin Sans&#039;;font-weight:700;color:#ed6510;\"><a href=\"#\">Halal Markt<\/a><br \/>\n<a href=\"#\">Marketing<\/a><br \/>\n<a href=\"#\">Kulturelle Kompetenz<\/a><\/div><\/div>[\/vc_column_inner][vc_column_inner width=&#8220;1\/3&#8243;]<div id=\"ultimate-heading-525069e4c9e1c9e7e\" class=\"uvc-heading ult-adjust-bottom-margin ultimate-heading-525069e4c9e1c9e7e uvc-6242 \" data-hspacer=\"line_only\"  data-halign=\"left\" style=\"text-align:left\"><div class=\"uvc-main-heading ult-responsive\"  data-ultimate-target='.uvc-heading.ultimate-heading-525069e4c9e1c9e7e h2'  data-responsive-json-new='{\"font-size\":\"desktop:14px;\",\"line-height\":\"desktop:24px;\"}' ><h2 style=\"font-family:&#039;Josefin Sans&#039;;font-weight:700;color:#222222;\">CONTACTS<\/h2><\/div><div class=\"uvc-heading-spacer line_only\" style=\"margin-top:10px;margin-bottom:30px;height:2px;\"><span class=\"uvc-headings-line\" style=\"border-style:solid;border-bottom-width:2px;border-color:#7e1f3f;width:30px;\"><\/span><\/div><div class=\"uvc-sub-heading ult-responsive\"  data-ultimate-target='.uvc-heading.ultimate-heading-525069e4c9e1c9e7e .uvc-sub-heading '  data-responsive-json-new='{\"font-size\":\"desktop:14px;\",\"line-height\":\"desktop:28px;\"}'  style=\"font-family:&#039;Merriweather&#039;;font-weight:normal;color:#222222;\">Tel.: 076 432 89 71<\/p>\n<p>Mail: info(at)qantara.ch<\/div><\/div>[\/vc_column_inner][\/vc_row_inner][vc_separator color=&#8220;custom&#8220; css=&#8220;.vc_custom_1533693670041{margin-top: 0px !important;margin-bottom: 0px !important;padding-top: 60px !important;padding-bottom: 30px !important;}&#8220; accent_color=&#8220;rgba(34,34,34,0.1)&#8220;][vc_column_text css=&#8220;.vc_custom_1585663528526{margin-top: 0px !important;margin-bottom: 0px !important;padding-top: 0px !important;padding-bottom: 25px !important;}&#8220;]<\/p>\n<p style=\"text-align: center;\"><span style=\"color: #999999;\">Copyright \u00a9 2020 Qantara Consulting<br \/>\n<\/span><\/p>\n<p>[\/vc_column_text][\/vc_column][\/vc_row]<\/p>\n","protected":false},"excerpt":{"rendered":"<p>[vc_row bg_type=&#8220;bg_color&#8220; bg_override=&#8220;full&#8220; css=&#8220;.vc_custom_1543968373190{margin-top: 0px !important;margin-bottom: 0px !important;padding-top: 100px !important;padding-bottom: 0px !important;}&#8220; bg_color_value=&#8220;rgba(34,34,34,0.05)&#8220;][vc_column width=&#8220;1\/3&#8243;][vc_column_text css=&#8220;.vc_custom_1585664999253{margin-top: 0px !important;margin-bottom: 0px !important;padding-top: 0px !important;padding-bottom: 0px !important;}&#8220;] Halal Markt [\/vc_column_text][\/vc_column][vc_column width=&#8220;2\/3&#8243;][vc_column_text] Der Halal-Markt bedient die Bed\u00fcrfnisse der muslimischen Konsumenten in vielen Branchen. L\u00e4ngst ist er \u00fcber die Lebensmittelbranche hinausgewachsen &#8211; es geht um viel mehr als Erlaubtes und Verbotenes.\u00a0 [&hellip;]<\/p>\n","protected":false},"author":1,"featured_media":0,"parent":0,"menu_order":0,"comment_status":"closed","ping_status":"closed","template":"","meta":[],"_links":{"self":[{"href":"https:\/\/qantara.ch\/index.php\/wp-json\/wp\/v2\/pages\/238"}],"collection":[{"href":"https:\/\/qantara.ch\/index.php\/wp-json\/wp\/v2\/pages"}],"about":[{"href":"https:\/\/qantara.ch\/index.php\/wp-json\/wp\/v2\/types\/page"}],"author":[{"embeddable":true,"href":"https:\/\/qantara.ch\/index.php\/wp-json\/wp\/v2\/users\/1"}],"replies":[{"embeddable":true,"href":"https:\/\/qantara.ch\/index.php\/wp-json\/wp\/v2\/comments?post=238"}],"version-history":[{"count":10,"href":"https:\/\/qantara.ch\/index.php\/wp-json\/wp\/v2\/pages\/238\/revisions"}],"predecessor-version":[{"id":663,"href":"https:\/\/qantara.ch\/index.php\/wp-json\/wp\/v2\/pages\/238\/revisions\/663"}],"wp:attachment":[{"href":"https:\/\/qantara.ch\/index.php\/wp-json\/wp\/v2\/media?parent=238"}],"curies":[{"name":"wp","href":"https:\/\/api.w.org\/{rel}","templated":true}]}}