{"id":242,"date":"2018-08-13T13:56:38","date_gmt":"2018-08-13T13:56:38","guid":{"rendered":"http:\/\/torberta.evatheme.com\/demo\/?page_id=242"},"modified":"2023-03-08T08:23:29","modified_gmt":"2023-03-08T08:23:29","slug":"contact-page","status":"publish","type":"page","link":"https:\/\/qantara.ch\/index.php\/contact-page\/","title":{"rendered":"Contact Page"},"content":{"rendered":"<p>[vc_row bg_type=&#8220;bg_color&#8220; bg_override=&#8220;full&#8220; css=&#8220;.vc_custom_1543511988739{margin-top: 0px !important;margin-bottom: 0px !important;padding-top: 100px !important;padding-bottom: 100px !important;}&#8220; bg_color_value=&#8220;rgba(34,34,34,0.05)&#8220;][vc_column][vc_column_text css=&#8220;.vc_custom_1585666791587{margin-top: 0px !important;margin-bottom: 0px !important;padding-top: 0px !important;padding-bottom: 0px !important;}&#8220;]<\/p>\n<h5 style=\"text-align: center;\">Sie haben Fragen? Kontaktieren Sie mich pers\u00f6nlich!<\/h5>\n<h6 style=\"text-align: center;\"><span style=\"color: #7e1f3f;\">Younes Sa\u00e2di, Gesch\u00e4ftsf\u00fchrer<br \/>\n<\/span><\/h6>\n<p>[\/vc_column_text][vc_column_text]<\/p>\n<p style=\"text-align: center;\">076 432 89 71<br \/>\ninfo(at)qantara.ch<\/p>\n<p>[\/vc_column_text][\/vc_column][\/vc_row][vc_row bg_type=&#8220;bg_color&#8220; bg_override=&#8220;full&#8220; css=&#8220;.vc_custom_1533693806879{margin-top: 0px !important;margin-bottom: -80px !important;padding-top: 80px !important;padding-bottom: 30px !important;}&#8220; bg_color_value=&#8220;rgba(34,34,34,0.05)&#8220;][vc_column][vc_row_inner][vc_column_inner width=&#8220;1\/3&#8243;]<div id=\"ultimate-heading-433769e4cdacb59fa\" class=\"uvc-heading ult-adjust-bottom-margin ultimate-heading-433769e4cdacb59fa uvc-3819 \" data-hspacer=\"line_only\"  data-halign=\"left\" style=\"text-align:left\"><div class=\"uvc-main-heading ult-responsive\"  data-ultimate-target='.uvc-heading.ultimate-heading-433769e4cdacb59fa h2'  data-responsive-json-new='{\"font-size\":\"desktop:14px;\",\"line-height\":\"desktop:24px;\"}' ><h2 style=\"font-family:&#039;Josefin Sans&#039;;font-weight:700;color:#222222;\">ABOUT US<\/h2><\/div><div class=\"uvc-heading-spacer line_only\" style=\"margin-top:10px;margin-bottom:30px;height:2px;\"><span class=\"uvc-headings-line\" style=\"border-style:solid;border-bottom-width:2px;border-color:#7e1f3f;width:30px;\"><\/span><\/div><div class=\"uvc-sub-heading ult-responsive\"  data-ultimate-target='.uvc-heading.ultimate-heading-433769e4cdacb59fa .uvc-sub-heading '  data-responsive-json-new='{\"font-size\":\"desktop:14px;\",\"line-height\":\"desktop:28px;\"}'  style=\"font-family:&#039;Merriweather&#039;;font-weight:normal;color:#222222;\">out of the box<\/p>\n<p>massgeschneidert<\/p>\n<p>effektiv &amp; effizient<\/div><\/div>[\/vc_column_inner][vc_column_inner width=&#8220;1\/3&#8243;]<div id=\"ultimate-heading-644569e4cdacb5a54\" class=\"uvc-heading ult-adjust-bottom-margin ultimate-heading-644569e4cdacb5a54 uvc-9545 \" data-hspacer=\"line_only\"  data-halign=\"left\" style=\"text-align:left\"><div class=\"uvc-main-heading ult-responsive\"  data-ultimate-target='.uvc-heading.ultimate-heading-644569e4cdacb5a54 h2'  data-responsive-json-new='{\"font-size\":\"desktop:14px;\",\"line-height\":\"desktop:24px;\"}' ><h2 style=\"font-family:&#039;Josefin Sans&#039;;font-weight:700;color:#222222;\">SERVICES<\/h2><\/div><div class=\"uvc-heading-spacer line_only\" style=\"margin-top:10px;margin-bottom:30px;height:2px;\"><span class=\"uvc-headings-line\" style=\"border-style:solid;border-bottom-width:2px;border-color:#7e1f3f;width:30px;\"><\/span><\/div><div class=\"uvc-sub-heading ult-responsive\"  data-ultimate-target='.uvc-heading.ultimate-heading-644569e4cdacb5a54 .uvc-sub-heading '  data-responsive-json-new='{\"font-size\":\"desktop:16px;\",\"line-height\":\"desktop:36px;\"}'  style=\"font-family:&#039;Josefin Sans&#039;;font-weight:700;color:#ed6510;\"><a href=\"https:\/\/qantara.ch\/index.php\/services-page\/\">Halal Markt<\/a><br \/>\n<a href=\"https:\/\/qantara.ch\/index.php\/services-page\/#\">Marketing<\/a><br \/>\n<a href=\"https:\/\/qantara.ch\/index.php\/services-page\/\">Kulturelle Kompetenz<\/a><\/div><\/div>[\/vc_column_inner][vc_column_inner width=&#8220;1\/3&#8243;]<div id=\"ultimate-heading-926469e4cdacb5a9c\" class=\"uvc-heading ult-adjust-bottom-margin ultimate-heading-926469e4cdacb5a9c uvc-4962 \" data-hspacer=\"line_only\"  data-halign=\"left\" style=\"text-align:left\"><div class=\"uvc-main-heading ult-responsive\"  data-ultimate-target='.uvc-heading.ultimate-heading-926469e4cdacb5a9c h2'  data-responsive-json-new='{\"font-size\":\"desktop:14px;\",\"line-height\":\"desktop:24px;\"}' ><h2 style=\"font-family:&#039;Josefin Sans&#039;;font-weight:700;color:#222222;\">KONTAKT<\/h2><\/div><div class=\"uvc-heading-spacer line_only\" style=\"margin-top:10px;margin-bottom:30px;height:2px;\"><span class=\"uvc-headings-line\" style=\"border-style:solid;border-bottom-width:2px;border-color:#7e1f3f;width:30px;\"><\/span><\/div><div class=\"uvc-sub-heading ult-responsive\"  data-ultimate-target='.uvc-heading.ultimate-heading-926469e4cdacb5a9c .uvc-sub-heading '  data-responsive-json-new='{\"font-size\":\"desktop:14px;\",\"line-height\":\"desktop:28px;\"}'  style=\"font-family:&#039;Merriweather&#039;;font-weight:normal;color:#222222;\">Tel.: 076 432 89 71<\/p>\n<p>Mail: info(at)qantara.ch<\/div><\/div>[\/vc_column_inner][\/vc_row_inner][vc_separator color=&#8220;custom&#8220; css=&#8220;.vc_custom_1533693670041{margin-top: 0px !important;margin-bottom: 0px !important;padding-top: 60px !important;padding-bottom: 30px !important;}&#8220; accent_color=&#8220;rgba(34,34,34,0.1)&#8220;][vc_column_text css=&#8220;.vc_custom_1585666977047{margin-top: 0px !important;margin-bottom: 0px !important;padding-top: 0px !important;padding-bottom: 25px !important;}&#8220;]<\/p>\n<p style=\"text-align: center;\"><span style=\"color: #999999;\">Copyright \u00a9 2020 Qantara Consulting<br \/>\n<\/span><\/p>\n<p>[\/vc_column_text][\/vc_column][\/vc_row]<\/p>\n","protected":false},"excerpt":{"rendered":"<p>[vc_row bg_type=&#8220;bg_color&#8220; bg_override=&#8220;full&#8220; css=&#8220;.vc_custom_1543511988739{margin-top: 0px !important;margin-bottom: 0px !important;padding-top: 100px !important;padding-bottom: 100px !important;}&#8220; bg_color_value=&#8220;rgba(34,34,34,0.05)&#8220;][vc_column][vc_column_text css=&#8220;.vc_custom_1585666791587{margin-top: 0px !important;margin-bottom: 0px !important;padding-top: 0px !important;padding-bottom: 0px !important;}&#8220;] Sie haben Fragen? Kontaktieren Sie mich pers\u00f6nlich! Younes Sa\u00e2di, Gesch\u00e4ftsf\u00fchrer [\/vc_column_text][vc_column_text] 076 432 89 71 info(at)qantara.ch [\/vc_column_text][\/vc_column][\/vc_row][vc_row bg_type=&#8220;bg_color&#8220; bg_override=&#8220;full&#8220; css=&#8220;.vc_custom_1533693806879{margin-top: 0px !important;margin-bottom: -80px !important;padding-top: 80px !important;padding-bottom: 30px !important;}&#8220; bg_color_value=&#8220;rgba(34,34,34,0.05)&#8220;][vc_column][vc_row_inner][vc_column_inner width=&#8220;1\/3&#8243;][\/vc_column_inner][vc_column_inner width=&#8220;1\/3&#8243;][\/vc_column_inner][vc_column_inner width=&#8220;1\/3&#8243;][\/vc_column_inner][\/vc_row_inner][vc_separator color=&#8220;custom&#8220; [&hellip;]<\/p>\n","protected":false},"author":1,"featured_media":0,"parent":0,"menu_order":0,"comment_status":"closed","ping_status":"closed","template":"","meta":[],"_links":{"self":[{"href":"https:\/\/qantara.ch\/index.php\/wp-json\/wp\/v2\/pages\/242"}],"collection":[{"href":"https:\/\/qantara.ch\/index.php\/wp-json\/wp\/v2\/pages"}],"about":[{"href":"https:\/\/qantara.ch\/index.php\/wp-json\/wp\/v2\/types\/page"}],"author":[{"embeddable":true,"href":"https:\/\/qantara.ch\/index.php\/wp-json\/wp\/v2\/users\/1"}],"replies":[{"embeddable":true,"href":"https:\/\/qantara.ch\/index.php\/wp-json\/wp\/v2\/comments?post=242"}],"version-history":[{"count":13,"href":"https:\/\/qantara.ch\/index.php\/wp-json\/wp\/v2\/pages\/242\/revisions"}],"predecessor-version":[{"id":682,"href":"https:\/\/qantara.ch\/index.php\/wp-json\/wp\/v2\/pages\/242\/revisions\/682"}],"wp:attachment":[{"href":"https:\/\/qantara.ch\/index.php\/wp-json\/wp\/v2\/media?parent=242"}],"curies":[{"name":"wp","href":"https:\/\/api.w.org\/{rel}","templated":true}]}}